{"id":36728,"date":"2026-05-05T11:32:11","date_gmt":"2026-05-05T08:32:11","guid":{"rendered":"https:\/\/www.konforortopedi.com\/?page_id=36728"},"modified":"2026-05-05T12:00:49","modified_gmt":"2026-05-05T09:00:49","slug":"gizlilik-politikasi","status":"publish","type":"page","link":"https:\/\/www.konforortopedi.com\/ar\/gizlilik-politikasi\/","title":{"rendered":"Gizlilik Politikas\u0131"},"content":{"rendered":"<div data-elementor-type=\"wp-page\" data-elementor-id=\"36728\" class=\"elementor elementor-36728\">\r\n\t\t\t\t\t\t<section class=\"elementor-section elementor-top-section elementor-element elementor-element-9a5f4b0 elementor-section-boxed elementor-section-height-default elementor-section-height-default\" data-id=\"9a5f4b0\" data-element_type=\"section\" data-e-type=\"section\">\r\n\t\t\t\t\t\t<div class=\"elementor-container elementor-column-gap-default\">\r\n\t\t\t\t\t<div class=\"elementor-column elementor-col-100 elementor-top-column elementor-element elementor-element-35f25be\" data-id=\"35f25be\" data-element_type=\"column\" data-e-type=\"column\">\r\n\t\t\t<div class=\"elementor-widget-wrap elementor-element-populated\">\r\n\t\t\t\t\t\t<div class=\"elementor-element elementor-element-23df8c1 elementor-widget__width-inherit lte-animation-speed-slow elementor-widget elementor-widget-image\" data-id=\"23df8c1\" data-element_type=\"widget\" data-e-type=\"widget\" data-widget_type=\"image.default\">\r\n\t\t\t\t<div class=\"elementor-widget-container\">\r\n\t\t\t\t\t\t\t\t\t\t\t\t\t\t\t<img fetchpriority=\"high\" decoding=\"async\" width=\"1024\" height=\"559\" src=\"https:\/\/www.konforortopedi.com\/wp-content\/uploads\/2026\/05\/Konfor_Ortopedi_Gizlilik_Politikasi-1024x559.png\" class=\"attachment-large size-large wp-image-36733\" alt=\"Konfor_Ortopedi_Gizlilik_Politikasi\" srcset=\"https:\/\/www.konforortopedi.com\/wp-content\/uploads\/2026\/05\/Konfor_Ortopedi_Gizlilik_Politikasi-1024x559.png 1024w, https:\/\/www.konforortopedi.com\/wp-content\/uploads\/2026\/05\/Konfor_Ortopedi_Gizlilik_Politikasi-300x164.png 300w, https:\/\/www.konforortopedi.com\/wp-content\/uploads\/2026\/05\/Konfor_Ortopedi_Gizlilik_Politikasi-768x419.png 768w, https:\/\/www.konforortopedi.com\/wp-content\/uploads\/2026\/05\/Konfor_Ortopedi_Gizlilik_Politikasi-18x10.png 18w, https:\/\/www.konforortopedi.com\/wp-content\/uploads\/2026\/05\/Konfor_Ortopedi_Gizlilik_Politikasi-100x55.png 100w, https:\/\/www.konforortopedi.com\/wp-content\/uploads\/2026\/05\/Konfor_Ortopedi_Gizlilik_Politikasi-1250x682.png 1250w, https:\/\/www.konforortopedi.com\/wp-content\/uploads\/2026\/05\/Konfor_Ortopedi_Gizlilik_Politikasi-480x262.png 480w, https:\/\/www.konforortopedi.com\/wp-content\/uploads\/2026\/05\/Konfor_Ortopedi_Gizlilik_Politikasi-600x327.png 600w, https:\/\/www.konforortopedi.com\/wp-content\/uploads\/2026\/05\/Konfor_Ortopedi_Gizlilik_Politikasi.png 1408w\" sizes=\"(max-width: 1024px) 100vw, 1024px\" \/>\t\t\t\t\t\t\t\t\t\t\t\t\t\t\t<\/div>\r\n\t\t\t\t<\/div>\r\n\t\t\t\t<div class=\"elementor-element elementor-element-be65b2d lte-heading-align-center elementor-widget elementor-widget-lte-header\" data-id=\"be65b2d\" data-element_type=\"widget\" data-e-type=\"widget\" data-widget_type=\"lte-header.default\">\r\n\t\t\t\t<div class=\"elementor-widget-container\">\r\n\t\t\t\t\t<div class=\"lte-heading lte-style-default lte-subcolor-Default heading-tag-h4 heading-subtag-h6\"><div class=\"lte-heading-content\"><h4 class=\"lte-header\">G\u0130ZL\u0130L\u0130K POL\u0130T\u0130KASI VE AYDINLATMA METN\u0130<\/h4><\/div><\/div>\t\t\t\t<\/div>\r\n\t\t\t\t<\/div>\r\n\t\t\t\t<div class=\"elementor-element elementor-element-d1e4b60 elementor-widget__width-inherit elementor-widget elementor-widget-text-editor\" data-id=\"d1e4b60\" data-element_type=\"widget\" data-e-type=\"widget\" data-widget_type=\"text-editor.default\">\r\n\t\t\t\t<div class=\"elementor-widget-container\">\r\n\t\t\t\t\t\t\t\t\t<p class=\"ds-markdown-paragraph\"><strong>1. VER\u0130 SORUMLUSU<\/strong><\/p><p class=\"ds-markdown-paragraph\">6698 say\u0131l\u0131 Ki\u015fisel Verilerin Korunmas\u0131 Kanunu (\u201cKVKK\u201d) uyar\u0131nca, ki\u015fisel verileriniz;\u00a0<strong>KONFOR PROTEZ VE ORTEZ T\u0130C. LTD. \u015eT\u0130.<\/strong>\u00a0(\u201c\u015eirket\u201d) olarak, veri sorumlusu s\u0131fat\u0131yla a\u015fa\u011f\u0131da a\u00e7\u0131klanan kapsamda i\u015flenmektedir.<\/p><p class=\"ds-markdown-paragraph\"><strong>2. K\u0130\u015e\u0130SEL VER\u0130LER\u0130N TOPLANMA Y\u00d6NTEM\u0130 VE HUKUK\u0130 SEBEB\u0130<\/strong><\/p><p class=\"ds-markdown-paragraph\">Ki\u015fisel verileriniz, web sitemizi ziyaret etmeniz, ileti\u015fim formunu doldurman\u0131z, telefon arac\u0131l\u0131\u011f\u0131yla bizimle ileti\u015fime ge\u00e7meniz gibi y\u00f6ntemlerle, a\u015fa\u011f\u0131daki hukuki sebeplere dayan\u0131larak toplanmaktad\u0131r:<\/p><ul><li><p class=\"ds-markdown-paragraph\">KVKK m. 5\/1.a: A\u00e7\u0131k r\u0131zan\u0131z\u0131n bulunmas\u0131,<\/p><\/li><li><p class=\"ds-markdown-paragraph\">KVKK m. 5\/2.c: Bir s\u00f6zle\u015fmenin kurulmas\u0131 veya ifas\u0131yla do\u011frudan ilgili olmas\u0131,<\/p><\/li><li><p class=\"ds-markdown-paragraph\">KVKK m. 5\/2.f: \u0130lgili ki\u015finin temel hak ve \u00f6zg\u00fcrl\u00fcklerine zarar vermemek kayd\u0131yla, \u015eirketimizin me\u015fru menfaati i\u00e7in veri i\u015flenmesinin zorunlu olmas\u0131.<\/p><\/li><\/ul><p class=\"ds-markdown-paragraph\"><strong>3. \u0130\u015eLENEN K\u0130\u015e\u0130SEL VER\u0130LER<\/strong><\/p><p class=\"ds-markdown-paragraph\">Web sitemizi ziyaretiniz s\u0131ras\u0131nda a\u015fa\u011f\u0131daki ki\u015fisel verileriniz i\u015flenebilmektedir:<\/p><div class=\"ds-scroll-area ds-scroll-area--show-on-focus-within _1210dd7 c03cafe9\"><div class=\"ds-scroll-area__gutters\"><div class=\"ds-scroll-area__horizontal-gutter\">\u00a0<\/div><div class=\"ds-scroll-area__vertical-gutter\">\u00a0<\/div><\/div><table><thead><tr><th><strong>Veri Kategorisi<\/strong><\/th><th><strong>\u0130\u015flenen Veriler<\/strong><\/th><\/tr><\/thead><tbody><tr><td><strong>Kimlik Verisi<\/strong><\/td><td>Ad, soyad<\/td><\/tr><tr><td><strong>\u0130leti\u015fim Verisi<\/strong><\/td><td>Telefon numaras\u0131, e-posta adresi<\/td><\/tr><tr><td><strong>\u0130\u015flem G\u00fcvenli\u011fi Verisi<\/strong><\/td><td>IP adresi, web sitesi giri\u015f-\u00e7\u0131k\u0131\u015f kay\u0131tlar\u0131, log kay\u0131tlar\u0131<\/td><\/tr><tr><td><strong>Talep\/\u015eikayet Y\u00f6netimi Verisi<\/strong><\/td><td>\u0130leti\u015fim formu arac\u0131l\u0131\u011f\u0131yla iletti\u011finiz talep, g\u00f6r\u00fc\u015f ve sorular\u0131n\u0131z<\/td><\/tr><\/tbody><\/table><\/div><p class=\"ds-markdown-paragraph\"><strong>\u00d6zel nitelikli ki\u015fisel veri (sa\u011fl\u0131k verisi vb.) i\u015flenmemektedir.<\/strong><\/p><p class=\"ds-markdown-paragraph\"><strong>4. K\u0130\u015e\u0130SEL VER\u0130LER\u0130N \u0130\u015eLENME AMA\u00c7LARI<\/strong><\/p><p class=\"ds-markdown-paragraph\">Ki\u015fisel verileriniz a\u015fa\u011f\u0131daki ama\u00e7larla i\u015flenmektedir:<\/p><ul><li><p class=\"ds-markdown-paragraph\">Web sitemiz \u00fczerinden iletilen talep, \u015fikayet ve sorular\u0131n\u0131z\u0131n cevaplanmas\u0131,<\/p><\/li><li><p class=\"ds-markdown-paragraph\">Sizlerle ileti\u015fime ge\u00e7ilebilmesi,<\/p><\/li><li><p class=\"ds-markdown-paragraph\">Web sitemizden kaynaklanan i\u015flem g\u00fcvenli\u011finin sa\u011flanmas\u0131 ve denetlenmesi,<\/p><\/li><li><p class=\"ds-markdown-paragraph\">Web sitemizin kullan\u0131m istatistiklerinin ve trafik \u00f6l\u00e7\u00fcmlerinin ger\u00e7ekle\u015ftirilmesi,<\/p><\/li><li><p class=\"ds-markdown-paragraph\">Teknik altyap\u0131 ve bilgi g\u00fcvenli\u011fimizin sa\u011flanmas\u0131.<\/p><\/li><\/ul><p class=\"ds-markdown-paragraph\"><strong>5. K\u0130\u015e\u0130SEL VER\u0130LER\u0130N AKTARILMASI<\/strong><\/p><p class=\"ds-markdown-paragraph\">Ki\u015fisel verileriniz, yasal d\u00fczenlemeler gere\u011fi veya talebi halinde\u00a0<strong>kamu kurum ve kurulu\u015flar\u0131<\/strong>\u00a0ile\u00a0<strong>yarg\u0131 makamlar\u0131na<\/strong>\u00a0aktar\u0131labilmektedir. Bunun haricinde ki\u015fisel verileriniz yurt i\u00e7inde veya yurt d\u0131\u015f\u0131nda \u00fc\u00e7\u00fcnc\u00fc ki\u015filere aktar\u0131lmamaktad\u0131r.<\/p><p class=\"ds-markdown-paragraph\"><strong>6. K\u0130\u015e\u0130SEL VER\u0130LER\u0130N SAKLANMA S\u00dcRES\u0130<\/strong><\/p><p class=\"ds-markdown-paragraph\">Ki\u015fisel verileriniz, KVKK\u2019n\u0131n 7. maddesi uyar\u0131nca i\u015flenme ama\u00e7lar\u0131n\u0131n ortadan kalkmas\u0131 ve yasal saklama s\u00fcrelerinin dolmas\u0131n\u0131 takiben re\u2019sen (kendili\u011finden) veya talep \u00fczerine silinir, yok edilir veya anonim hale getirilir.<\/p><p class=\"ds-markdown-paragraph\"><strong>7. KAPSAM DI\u015eINDA KALAN VER\u0130LER<\/strong><\/p><p class=\"ds-markdown-paragraph\">\u0130nternet sitemiz, hasta mahremiyeti ilkesi gere\u011fi\u00a0<strong>hi\u00e7bir \u015fekilde hasta verisi, te\u015fhis, tedavi, muayene bilgisi veya sa\u011fl\u0131k raporu i\u00e7ermemektedir<\/strong>. Sa\u011fl\u0131k hizmetlerine ili\u015fkin her t\u00fcrl\u00fc veri, yaln\u0131zca Sa\u011fl\u0131k Bakanl\u0131\u011f\u0131\u2019na ba\u011fl\u0131 sa\u011fl\u0131k kurulu\u015flar\u0131 ve hekimler taraf\u0131ndan i\u015flenmekte olup, sitemiz bu kapsamda bir sa\u011fl\u0131k kayd\u0131 tutmamaktad\u0131r.<\/p><p class=\"ds-markdown-paragraph\"><strong>8. KOK\u0130 (\u00c7EREZ) KULLANIMI<\/strong><\/p><p class=\"ds-markdown-paragraph\">Web sitemizde, kullan\u0131c\u0131 deneyimini iyile\u015ftirmek ve site trafi\u011fini analiz etmek amac\u0131yla\u00a0<strong>teknik \u00e7erezler<\/strong>\u00a0ve\u00a0<strong>analiz \u00e7erezleri<\/strong>\u00a0kullan\u0131labilmektedir. \u00c7erez tercihlerinizi taray\u0131c\u0131 ayarlar\u0131n\u0131zdan de\u011fi\u015ftirebilir veya \u00e7erezleri tamamen engelleyebilirsiniz. Ancak bu durumda web sitemizin baz\u0131 i\u015flevleri \u00e7al\u0131\u015fmayabilir.<\/p><p class=\"ds-markdown-paragraph\">Detayl\u0131 bilgi i\u00e7in\u00a0<strong>\u00c7erez Politikam\u0131z\u0131<\/strong>\u00a0inceleyebilirsiniz.<\/p><p class=\"ds-markdown-paragraph\"><strong>9. VER\u0130 SAH\u0130B\u0130N\u0130N HAKLARI (KVKK Madde 11)<\/strong><\/p><p class=\"ds-markdown-paragraph\">Ki\u015fisel veri sahipleri olarak, KVKK\u2019n\u0131n 11. maddesi uyar\u0131nca a\u015fa\u011f\u0131daki haklara sahipsiniz:<\/p><ul><li><p class=\"ds-markdown-paragraph\"><strong>a)<\/strong>\u00a0Ki\u015fisel veri i\u015flenip i\u015flenmedi\u011fini \u00f6\u011frenme,<\/p><\/li><li><p class=\"ds-markdown-paragraph\"><strong>b)<\/strong>\u00a0Ki\u015fisel verileriniz i\u015flenmi\u015fse buna ili\u015fkin bilgi talep etme,<\/p><\/li><li><p class=\"ds-markdown-paragraph\"><strong>c)<\/strong>\u00a0Ki\u015fisel verilerin i\u015flenme amac\u0131n\u0131 ve bunlar\u0131n amac\u0131na uygun kullan\u0131l\u0131p kullan\u0131lmad\u0131\u011f\u0131n\u0131 \u00f6\u011frenme,<\/p><\/li><li><p class=\"ds-markdown-paragraph\"><strong>\u00e7)<\/strong>\u00a0Yurt i\u00e7inde veya yurt d\u0131\u015f\u0131nda ki\u015fisel verilerin aktar\u0131ld\u0131\u011f\u0131 \u00fc\u00e7\u00fcnc\u00fc ki\u015fileri bilme,<\/p><\/li><li><p class=\"ds-markdown-paragraph\"><strong>d)<\/strong>\u00a0Ki\u015fisel verilerin eksik veya yanl\u0131\u015f i\u015flenmi\u015f olmas\u0131 halinde d\u00fczeltilmesini isteme,<\/p><\/li><li><p class=\"ds-markdown-paragraph\"><strong>e)<\/strong>\u00a0KVKK\u2019n\u0131n 7. maddesinde \u00f6ng\u00f6r\u00fclen \u015fartlar \u00e7er\u00e7evesinde ki\u015fisel verilerin silinmesini veya yok edilmesini isteme,<\/p><\/li><li><p class=\"ds-markdown-paragraph\"><strong>f)<\/strong>\u00a0(d) ve (e) bentleri uyar\u0131nca yap\u0131lan i\u015flemlerin, ki\u015fisel verilerin aktar\u0131ld\u0131\u011f\u0131 \u00fc\u00e7\u00fcnc\u00fc ki\u015filere bildirilmesini isteme,<\/p><\/li><li><p class=\"ds-markdown-paragraph\"><strong>g)<\/strong>\u00a0\u0130\u015flenen verilerin m\u00fcnhas\u0131ran otomatik sistemler vas\u0131tas\u0131yla analiz edilmesi suretiyle ki\u015finin kendisi aleyhine bir sonucun ortaya \u00e7\u0131kmas\u0131na itiraz etme,<\/p><\/li><li><p class=\"ds-markdown-paragraph\"><strong>\u011f)<\/strong>\u00a0Ki\u015fisel verilerin kanuna ayk\u0131r\u0131 olarak i\u015flenmesi sebebiyle zarara u\u011framan\u0131z halinde zarar\u0131n giderilmesini talep etme.<\/p><\/li><\/ul><p class=\"ds-markdown-paragraph\"><strong>10. HAKLARINIZI KULLANMA Y\u00d6NTEM\u0130<\/strong><\/p><p class=\"ds-markdown-paragraph\">KVKK\u2019n\u0131n 13. maddesi uyar\u0131nca, yukar\u0131da say\u0131lan haklar\u0131n\u0131z\u0131 kullanmak i\u00e7in talebinizi\u00a0<strong>yaz\u0131l\u0131 olarak<\/strong>\u00a0veya\u00a0<strong>sistemimizde kay\u0131tl\u0131 elektronik posta adresinizi kullanarak<\/strong>\u00a0veya\u00a0<strong>Veri Sorumlusuna Ba\u015fvuru Usul ve Esaslar\u0131 Hakk\u0131nda Tebli\u011f\u2019de<\/strong>\u00a0belirtilen di\u011fer y\u00f6ntemlerle bize iletebilirsiniz.<\/p><p class=\"ds-markdown-paragraph\">Ba\u015fvurunuzda a\u015fa\u011f\u0131daki bilgileri bulundurman\u0131z gerekmektedir:<\/p><ul><li><p class=\"ds-markdown-paragraph\">Ad\u0131n\u0131z, soyad\u0131n\u0131z ve talebin yaz\u0131l\u0131 olarak yap\u0131lmas\u0131 halinde imzan\u0131z,<\/p><\/li><li><p class=\"ds-markdown-paragraph\">T.C. kimlik numaran\u0131z (varsa),<\/p><\/li><li><p class=\"ds-markdown-paragraph\">Tebligata esas yerle\u015fim yeri veya i\u015f yeri adresiniz,<\/p><\/li><li><p class=\"ds-markdown-paragraph\">Varsa bildirime esas elektronik posta adresiniz,<\/p><\/li><li><p class=\"ds-markdown-paragraph\">Talep konusunuza ili\u015fkin a\u00e7\u0131klamalar\u0131n\u0131z.<\/p><\/li><\/ul><p class=\"ds-markdown-paragraph\"><strong>Ba\u015fvuru Adresi:<\/strong><\/p><p class=\"ds-markdown-paragraph\"><strong>KONFOR PROTEZ VE ORTEZ T\u0130C. LTD. \u015eT\u0130.<\/strong><br \/>Adres: [A\u00e7\u0131k adresinizi yaz\u0131n\u0131z]<br \/>E-posta: [E-posta adresinizi yaz\u0131n\u0131z]<br \/>Telefon: [Telefon numaran\u0131z\u0131 yaz\u0131n\u0131z]<\/p><p class=\"ds-markdown-paragraph\"><strong>11. POL\u0130T\u0130KADAK\u0130 DE\u011e\u0130\u015e\u0130KL\u0130KLER<\/strong><\/p><p class=\"ds-markdown-paragraph\">\u015eirket, bu Gizlilik Politikas\u0131n\u0131 diledi\u011fi zaman g\u00fcncelleme hakk\u0131n\u0131 sakl\u0131 tutar. Herhangi bir g\u00fcncelleme yap\u0131lmas\u0131 halinde, g\u00fcncel politika metni web sitemizde yay\u0131nlanacak ve y\u00fcr\u00fcrl\u00fc\u011fe girecektir. \u00d6nemli de\u011fi\u015fiklikler olmas\u0131 durumunda, kullan\u0131c\u0131lar\u0131m\u0131z web sitemiz \u00fczerinden veya ileti\u015fim adreslerimiz arac\u0131l\u0131\u011f\u0131yla bilgilendirilecektir.<\/p><hr \/><p class=\"ds-markdown-paragraph\"><em>\u0130\u015fbu Gizlilik Politikas\u0131 ve Ayd\u0131nlatma Metni, 6698 say\u0131l\u0131 Ki\u015fisel Verilerin Korunmas\u0131\u00a0<\/em><em> Kanunu\u2019na uygun olarak haz\u0131rlanm\u0131\u015ft\u0131<\/em><\/p>\t\t\t\t\t\t\t\t<\/div>\r\n\t\t\t\t<\/div>\r\n\t\t\t\t\t<\/div>\r\n\t\t<\/div>\r\n\t\t\t\t\t<\/div>\r\n\t\t<\/section>\r\n\t\t\t\t<section class=\"elementor-section elementor-top-section elementor-element elementor-element-74cca694 elementor-section-full_width elementor-section-height-default elementor-section-height-default\" data-id=\"74cca694\" data-element_type=\"section\" data-e-type=\"section\">\r\n\t\t\t\t\t\t<div class=\"elementor-container elementor-column-gap-default\">\r\n\t\t\t\t\t<div class=\"elementor-column elementor-col-33 elementor-top-column elementor-element elementor-element-2b8e5d44 lte-background-gray\" data-id=\"2b8e5d44\" data-element_type=\"column\" data-e-type=\"column\">\r\n\t\t\t<div class=\"elementor-widget-wrap elementor-element-populated\">\r\n\t\t\t\t\t\t<div class=\"elementor-element elementor-element-6780d908 lte-heading-align-center elementor-widget-mobile__width-inherit elementor-widget elementor-widget-lte-header\" data-id=\"6780d908\" data-element_type=\"widget\" data-e-type=\"widget\" data-widget_type=\"lte-header.default\">\r\n\t\t\t\t<div class=\"elementor-widget-container\">\r\n\t\t\t\t\t<div class=\"lte-heading lte-style-default lte-subcolor-Default heading-tag-h4 heading-subtag-h6\"><div class=\"lte-heading-content\"><h4 class=\"lte-header\">Mesaj G\u00f6nder<\/h4><\/div><\/div>\t\t\t\t<\/div>\r\n\t\t\t\t<\/div>\r\n\t\t\t\t<div class=\"elementor-element elementor-element-19a96ed9 elementor-widget-mobile__width-initial elementor-widget elementor-widget-text-editor\" data-id=\"19a96ed9\" data-element_type=\"widget\" data-e-type=\"widget\" data-widget_type=\"text-editor.default\">\r\n\t\t\t\t<div class=\"elementor-widget-container\">\r\n\t\t\t\t\t\t\t\t\t<p id=\"tw-target-text\" class=\"tw-data-text tw-text-large tw-ta\" dir=\"ltr\" tabindex=\"-1\" role=\"text\" data-placeholder=\"\u00c7eviri\" data-ved=\"2ahUKEwjV6sqe0M6SAxWxR_4FHRbYFFIQ3ewLegQIDBAW\" aria-label=\"\u00c7evrilmi\u015f metin: Bu formu doldurun, uzmanlar\u0131m\u0131z detayl\u0131 g\u00f6r\u00fc\u015fme i\u00e7in k\u0131sa s\u00fcre i\u00e7inde sizinle ileti\u015fime ge\u00e7ecektir.\"><span class=\"Y2IQFc\" lang=\"tr\">Bu formu doldurun, uzmanlar\u0131m\u0131z detayl\u0131 g\u00f6r\u00fc\u015fme i\u00e7in k\u0131sa s\u00fcre i\u00e7inde sizinle ileti\u015fime ge\u00e7ecektir.<\/span><\/p>\t\t\t\t\t\t\t\t<\/div>\r\n\t\t\t\t<\/div>\r\n\t\t\t\t<div class=\"elementor-element elementor-element-d7154 lte-background-transparent cf7-btn elementor-widget-mobile__width-inherit elementor-widget elementor-widget-lte-cf7\" data-id=\"d7154\" data-element_type=\"widget\" data-e-type=\"widget\" data-widget_type=\"lte-cf7.default\">\r\n\t\t\t\t<div class=\"elementor-widget-container\">\r\n\t\t\t\t\t<div class=\"lte-contact-form-7 lte-padding- lte-btn-main lte-full-width-yes\">\n<div class=\"wpcf7 no-js\" id=\"wpcf7-f20707-o1\" lang=\"en-US\" dir=\"ltr\" data-wpcf7-id=\"20707\">\n<div class=\"screen-reader-response\"><p role=\"status\" aria-live=\"polite\" aria-atomic=\"true\"><\/p> <ul><\/ul><\/div>\n<form action=\"\/ar\/wp-json\/wp\/v2\/pages\/36728#wpcf7-f20707-o1\" method=\"post\" class=\"wpcf7-form init\" aria-label=\"Contact form\" novalidate=\"novalidate\" data-status=\"init\" data-trp-original-action=\"\/ar\/wp-json\/wp\/v2\/pages\/36728#wpcf7-f20707-o1\">\n<fieldset class=\"hidden-fields-container\"><input type=\"hidden\" name=\"_wpcf7\" value=\"20707\" \/><input type=\"hidden\" name=\"_wpcf7_version\" value=\"6.1.4\" \/><input type=\"hidden\" name=\"_wpcf7_locale\" value=\"en_US\" \/><input type=\"hidden\" name=\"_wpcf7_unit_tag\" value=\"wpcf7-f20707-o1\" \/><input type=\"hidden\" name=\"_wpcf7_container_post\" value=\"0\" \/><input type=\"hidden\" name=\"_wpcf7_posted_data_hash\" value=\"\" \/>\n<\/fieldset>\n<div class=\"row\">\n\t<div class=\"col-lg-6 col-md-12 col-xs-12\">\n\t\t<p><span class=\"wpcf7-form-control-wrap\" data-name=\"field-name\"><input size=\"40\" maxlength=\"400\" class=\"wpcf7-form-control wpcf7-text wpcf7-validates-as-required\" aria-required=\"true\" aria-invalid=\"false\" placeholder=\"\u0130sminiz\" value=\"\" type=\"text\" name=\"field-name\" \/><\/span>\n\t\t<\/p>\n\t<\/div>\n\t<div class=\"col-lg-6 col-md-12 col-xs-12\">\n\t\t<p><span class=\"wpcf7-form-control-wrap\" data-name=\"field-email\"><input size=\"40\" maxlength=\"400\" class=\"wpcf7-form-control wpcf7-text wpcf7-validates-as-required\" aria-required=\"true\" aria-invalid=\"false\" placeholder=\"Email\" value=\"\" type=\"text\" name=\"field-email\" \/><\/span>\n\t\t<\/p>\n\t<\/div>\n\t<div class=\"col-lg-12 col-md-12 col-xs-12\">\n\t\t<p><span class=\"wpcf7-form-control-wrap\" data-name=\"field-subject\"><input size=\"40\" maxlength=\"400\" class=\"wpcf7-form-control wpcf7-text wpcf7-validates-as-required\" aria-required=\"true\" aria-invalid=\"false\" placeholder=\"Konu\" value=\"\" type=\"text\" name=\"field-subject\" \/><\/span>\n\t\t<\/p>\n\t<\/div>\n\t<div class=\"col-lg-12 col-md-12 col-xs-12\">\n\t\t<p><span class=\"wpcf7-form-control-wrap\" data-name=\"field-message\"><textarea cols=\"40\" rows=\"10\" maxlength=\"2000\" class=\"wpcf7-form-control wpcf7-textarea\" aria-invalid=\"false\" placeholder=\"Mesaj\" name=\"field-message\"><\/textarea><\/span>\n\t\t<\/p>\n\t<\/div>\n<\/div>\n<p><input class=\"wpcf7-form-control wpcf7-submit has-spinner\" type=\"submit\" value=\"G\u00f6nder\" \/>\n<\/p><div class=\"wpcf7-response-output\" aria-hidden=\"true\"><\/div>\n<input type=\"hidden\" name=\"trp-form-language\" value=\"ar\"\/><\/form>\n<\/div>\n<\/div>\t\t\t\t<\/div>\r\n\t\t\t\t<\/div>\r\n\t\t\t\t\t<\/div>\r\n\t\t<\/div>\r\n\t\t\t\t<div class=\"elementor-column elementor-col-33 elementor-top-column elementor-element elementor-element-771c84d3\" data-id=\"771c84d3\" data-element_type=\"column\" data-e-type=\"column\">\r\n\t\t\t<div class=\"elementor-widget-wrap elementor-element-populated\">\r\n\t\t\t\t\t\t<div class=\"elementor-element elementor-element-4d1fc2ca elementor-widget-laptop__width-inherit elementor-widget elementor-widget-google_maps\" data-id=\"4d1fc2ca\" data-element_type=\"widget\" data-e-type=\"widget\" data-widget_type=\"google_maps.default\">\r\n\t\t\t\t<div class=\"elementor-widget-container\">\r\n\t\t\t\t\t\t\t<div class=\"elementor-custom-embed\">\r\n\t\t\t<iframe loading=\"lazy\"\r\n\t\t\t\t\tsrc=\"https:\/\/maps.google.com\/maps?q=Konfor%20Ortopedi&#038;t=m&#038;z=16&#038;output=embed&#038;iwloc=near\"\r\n\t\t\t\t\ttitle=\"Konfor Ortopedi\"\r\n\t\t\t\t\taria-label=\"Konfor Ortopedi\"\r\n\t\t\t><\/iframe>\r\n\t\t<\/div>\r\n\t\t\t\t\t\t<\/div>\r\n\t\t\t\t<\/div>\r\n\t\t\t\t\t<\/div>\r\n\t\t<\/div>\r\n\t\t\t\t<div class=\"elementor-column elementor-col-33 elementor-top-column elementor-element elementor-element-c72bd12 lte-background-gray\" data-id=\"c72bd12\" data-element_type=\"column\" data-e-type=\"column\">\r\n\t\t\t<div class=\"elementor-widget-wrap elementor-element-populated\">\r\n\t\t\t\t\t\t<div class=\"elementor-element elementor-element-60982a00 elementor-widget__width-inherit lte-heading-align-mobile-center lte-heading-align-center elementor-widget-laptop__width-initial elementor-widget elementor-widget-lte-header\" data-id=\"60982a00\" data-element_type=\"widget\" data-e-type=\"widget\" data-widget_type=\"lte-header.default\">\r\n\t\t\t\t<div class=\"elementor-widget-container\">\r\n\t\t\t\t\t<div class=\"lte-heading lte-style-default lte-subcolor-Default heading-tag-h5 heading-subtag-h6\"><div class=\"lte-heading-content\"><h5 class=\"lte-header\">Ki\u015fiye \u00d6zel Protez Ortez Uygulama Merkezi<\/h5><\/div><\/div>\t\t\t\t<\/div>\r\n\t\t\t\t<\/div>\r\n\t\t\t\t<div class=\"elementor-element elementor-element-61ab4c80 lte-icons-align-left elementor-widget__width-initial lte-style-grid-disabled elementor-widget elementor-widget-lte-icons\" data-id=\"61ab4c80\" data-element_type=\"widget\" data-e-type=\"widget\" data-widget_type=\"lte-icons.default\">\r\n\t\t\t\t<div class=\"elementor-widget-container\">\r\n\t\t\t\t\t<ul class=\"lte-block-icon icons-count-4 lte-icon-space-md lte-icon-shape-default lte-icon-background-disabled lte-icon-color-main lte-icon-divider-solid lte-icon-size-small lte-header-color-default lte-icon-type-left lte-icon-align-left lte-hover-animation-yes layout-cols1 lte-additional-\"><li class=\"col-xl-12 col-xs-12\"><div   class=\"lte-inner\"><i aria-hidden=\"true\" class=\"icon icon-call\"><\/i><span class=\"lte-icon-content\"> <span class=\"lte-header lte-span\"> 0 (506) 7163324 <\/span> <\/span><\/div><\/li><li class=\"col-xl-12 col-xs-12\"><div   class=\"lte-inner\"><i aria-hidden=\"true\" class=\"icon icon-location-1\"><\/i><span class=\"lte-icon-content\"> <span class=\"lte-header lte-span\"> Fuzul Avrasya 1 sitesi, Kayaba\u015f\u0131, Lokman Hekim Sokak B1 Blok No:3AJ, 34494 Ba\u015fak\u015fehir\/\u0130stanbul <\/span> <\/span><\/div><\/li><li class=\"col-xl-12 col-xs-12\"><a href=\"mailto:info@cybron-theme.com\"   class=\"lte-inner\"><i aria-hidden=\"true\" class=\"icon icon-mail\"><\/i><span class=\"lte-icon-content\"> <span class=\"lte-header lte-span\"> info@konforortopedi.com <\/span> <\/span><\/a><\/li><li class=\"col-xl-12 col-xs-12\"><div   class=\"lte-inner\"><i aria-hidden=\"true\" class=\"icon icon-wall-clock\"><\/i><span class=\"lte-icon-content\"> <span class=\"lte-header lte-span\"> Hafta \u0130\u00e7i: 09:30 \u2013 19:00,<br \/>\nCumartesi: 09:30 \u2013 16:30,<br \/>\nPazar: Kapal\u0131 <\/span> <\/span><\/div><\/li><\/ul>\t\t\t\t<\/div>\r\n\t\t\t\t<\/div>\r\n\t\t\t\t\t<\/div>\r\n\t\t<\/div>\r\n\t\t\t\t\t<\/div>\r\n\t\t<\/section>\r\n\t\t\t\t<\/div>","protected":false},"excerpt":{"rendered":"<p>G\u0130ZL\u0130L\u0130K POL\u0130T\u0130KASI VE AYDINLATMA METN\u0130 1. VER\u0130 SORUMLUSU 6698 say\u0131l\u0131 Ki\u015fisel Verilerin Korunmas\u0131 Kanunu (\u201cKVKK\u201d) uyar\u0131nca, ki\u015fisel verileriniz;\u00a0KONFOR PROTEZ VE ORTEZ T\u0130C. LTD. \u015eT\u0130.\u00a0(\u201c\u015eirket\u201d) olarak, veri sorumlusu s\u0131fat\u0131yla a\u015fa\u011f\u0131da a\u00e7\u0131klanan [&hellip;]<\/p>","protected":false},"author":1,"featured_media":0,"parent":0,"menu_order":0,"comment_status":"closed","ping_status":"closed","template":"page-templates\/full-width.php","meta":{"footnotes":""},"class_list":["post-36728","page","type-page","status-publish","hentry"],"_links":{"self":[{"href":"https:\/\/www.konforortopedi.com\/ar\/wp-json\/wp\/v2\/pages\/36728","targetHints":{"allow":["GET"]}}],"collection":[{"href":"https:\/\/www.konforortopedi.com\/ar\/wp-json\/wp\/v2\/pages"}],"about":[{"href":"https:\/\/www.konforortopedi.com\/ar\/wp-json\/wp\/v2\/types\/page"}],"author":[{"embeddable":true,"href":"https:\/\/www.konforortopedi.com\/ar\/wp-json\/wp\/v2\/users\/1"}],"replies":[{"embeddable":true,"href":"https:\/\/www.konforortopedi.com\/ar\/wp-json\/wp\/v2\/comments?post=36728"}],"version-history":[{"count":17,"href":"https:\/\/www.konforortopedi.com\/ar\/wp-json\/wp\/v2\/pages\/36728\/revisions"}],"predecessor-version":[{"id":36751,"href":"https:\/\/www.konforortopedi.com\/ar\/wp-json\/wp\/v2\/pages\/36728\/revisions\/36751"}],"wp:attachment":[{"href":"https:\/\/www.konforortopedi.com\/ar\/wp-json\/wp\/v2\/media?parent=36728"}],"curies":[{"name":"wp","href":"https:\/\/api.w.org\/{rel}","templated":true}]}}