{"id":13611,"date":"2020-04-13T22:21:39","date_gmt":"2020-04-13T22:21:39","guid":{"rendered":"http:\/\/www.konforortopedi.com\/?page_id=13611"},"modified":"2026-04-14T17:43:02","modified_gmt":"2026-04-14T14:43:02","slug":"iletisim","status":"publish","type":"page","link":"https:\/\/www.konforortopedi.com\/ar\/iletisim\/","title":{"rendered":"\u0130leti\u015fim"},"content":{"rendered":"<div data-elementor-type=\"wp-page\" data-elementor-id=\"13611\" class=\"elementor elementor-13611\">\r\n\t\t\t\t\t\t<section class=\"elementor-section elementor-top-section elementor-element elementor-element-0637fe6 elementor-section-boxed elementor-section-height-default elementor-section-height-default\" data-id=\"0637fe6\" data-element_type=\"section\" data-e-type=\"section\" data-settings=\"{&quot;background_background&quot;:&quot;classic&quot;}\">\r\n\t\t\t\t\t\t<div class=\"elementor-container elementor-column-gap-default\">\r\n\t\t\t\t\t<div class=\"elementor-column elementor-col-100 elementor-top-column elementor-element elementor-element-5f5bad5 lte-background-gray\" data-id=\"5f5bad5\" data-element_type=\"column\" data-e-type=\"column\">\r\n\t\t\t<div class=\"elementor-widget-wrap elementor-element-populated\">\r\n\t\t\t\t\t\t<div class=\"elementor-element elementor-element-ed10cfb elementor-widget elementor-widget-spacer\" data-id=\"ed10cfb\" data-element_type=\"widget\" data-e-type=\"widget\" data-widget_type=\"spacer.default\">\r\n\t\t\t\t<div class=\"elementor-widget-container\">\r\n\t\t\t\t\t\t\t<div class=\"elementor-spacer\">\r\n\t\t\t<div class=\"elementor-spacer-inner\"><\/div>\r\n\t\t<\/div>\r\n\t\t\t\t\t\t<\/div>\r\n\t\t\t\t<\/div>\r\n\t\t\t\t<div class=\"elementor-element elementor-element-c76a175 lte-heading-align-center elementor-widget-mobile__width-initial elementor-widget elementor-widget-lte-header\" data-id=\"c76a175\" data-element_type=\"widget\" data-e-type=\"widget\" data-widget_type=\"lte-header.default\">\r\n\t\t\t\t<div class=\"elementor-widget-container\">\r\n\t\t\t\t\t<div class=\"lte-heading lte-style-default lte-subcolor-Default heading-tag-h4 heading-subtag-h6\"><div class=\"lte-heading-content\"><h4 class=\"lte-header\">Mesaj G\u00f6nder<\/h4><\/div><\/div>\t\t\t\t<\/div>\r\n\t\t\t\t<\/div>\r\n\t\t\t\t<div class=\"elementor-element elementor-element-89ff2b2 elementor-widget elementor-widget-text-editor\" data-id=\"89ff2b2\" data-element_type=\"widget\" data-e-type=\"widget\" data-widget_type=\"text-editor.default\">\r\n\t\t\t\t<div class=\"elementor-widget-container\">\r\n\t\t\t\t\t\t\t\t\t<p id=\"tw-target-text\" class=\"tw-data-text tw-text-large tw-ta\" dir=\"ltr\" tabindex=\"-1\" role=\"text\" data-placeholder=\"\u00c7eviri\" data-ved=\"2ahUKEwjV6sqe0M6SAxWxR_4FHRbYFFIQ3ewLegQIDBAW\" aria-label=\"\u00c7evrilmi\u015f metin: Bu formu doldurun, uzmanlar\u0131m\u0131z detayl\u0131 g\u00f6r\u00fc\u015fme i\u00e7in k\u0131sa s\u00fcre i\u00e7inde sizinle ileti\u015fime ge\u00e7ecektir.\">Bu formu doldurman\u0131z halinde ekibimiz size geri d\u00f6n\u00fc\u015f sa\u011flayacakt\u0131r.<\/p>\t\t\t\t\t\t\t\t<\/div>\r\n\t\t\t\t<\/div>\r\n\t\t\t\t<div class=\"elementor-element elementor-element-9d9add7 lte-background-transparent cf7-btn elementor-widget__width-inherit elementor-widget-mobile__width-initial elementor-widget elementor-widget-lte-cf7\" data-id=\"9d9add7\" data-element_type=\"widget\" data-e-type=\"widget\" data-widget_type=\"lte-cf7.default\">\r\n\t\t\t\t<div class=\"elementor-widget-container\">\r\n\t\t\t\t\t<div class=\"lte-contact-form-7 lte-padding- lte-btn-main lte-full-width-no\">\n<div class=\"wpcf7 no-js\" id=\"wpcf7-f20707-o1\" lang=\"en-US\" dir=\"ltr\" data-wpcf7-id=\"20707\">\n<div class=\"screen-reader-response\"><p role=\"status\" aria-live=\"polite\" aria-atomic=\"true\"><\/p> <ul><\/ul><\/div>\n<form action=\"\/ar\/wp-json\/wp\/v2\/pages\/13611#wpcf7-f20707-o1\" method=\"post\" class=\"wpcf7-form init\" aria-label=\"Contact form\" novalidate=\"novalidate\" data-status=\"init\" data-trp-original-action=\"\/ar\/wp-json\/wp\/v2\/pages\/13611#wpcf7-f20707-o1\">\n<fieldset class=\"hidden-fields-container\"><input type=\"hidden\" name=\"_wpcf7\" value=\"20707\" \/><input type=\"hidden\" name=\"_wpcf7_version\" value=\"6.1.4\" \/><input type=\"hidden\" name=\"_wpcf7_locale\" value=\"en_US\" \/><input type=\"hidden\" name=\"_wpcf7_unit_tag\" value=\"wpcf7-f20707-o1\" \/><input type=\"hidden\" name=\"_wpcf7_container_post\" value=\"0\" \/><input type=\"hidden\" name=\"_wpcf7_posted_data_hash\" value=\"\" \/>\n<\/fieldset>\n<div class=\"row\">\n\t<div class=\"col-lg-6 col-md-12 col-xs-12\">\n\t\t<p><span class=\"wpcf7-form-control-wrap\" data-name=\"field-name\"><input size=\"40\" maxlength=\"400\" class=\"wpcf7-form-control wpcf7-text wpcf7-validates-as-required\" aria-required=\"true\" aria-invalid=\"false\" placeholder=\"\u0130sminiz\" value=\"\" type=\"text\" name=\"field-name\" \/><\/span>\n\t\t<\/p>\n\t<\/div>\n\t<div class=\"col-lg-6 col-md-12 col-xs-12\">\n\t\t<p><span class=\"wpcf7-form-control-wrap\" data-name=\"field-email\"><input size=\"40\" maxlength=\"400\" class=\"wpcf7-form-control wpcf7-text wpcf7-validates-as-required\" aria-required=\"true\" aria-invalid=\"false\" placeholder=\"Email\" value=\"\" type=\"text\" name=\"field-email\" \/><\/span>\n\t\t<\/p>\n\t<\/div>\n\t<div class=\"col-lg-12 col-md-12 col-xs-12\">\n\t\t<p><span class=\"wpcf7-form-control-wrap\" data-name=\"field-subject\"><input size=\"40\" maxlength=\"400\" class=\"wpcf7-form-control wpcf7-text wpcf7-validates-as-required\" aria-required=\"true\" aria-invalid=\"false\" placeholder=\"Konu\" value=\"\" type=\"text\" name=\"field-subject\" \/><\/span>\n\t\t<\/p>\n\t<\/div>\n\t<div class=\"col-lg-12 col-md-12 col-xs-12\">\n\t\t<p><span class=\"wpcf7-form-control-wrap\" data-name=\"field-message\"><textarea cols=\"40\" rows=\"10\" maxlength=\"2000\" class=\"wpcf7-form-control wpcf7-textarea\" aria-invalid=\"false\" placeholder=\"Mesaj\" name=\"field-message\"><\/textarea><\/span>\n\t\t<\/p>\n\t<\/div>\n<\/div>\n<p><input class=\"wpcf7-form-control wpcf7-submit has-spinner\" type=\"submit\" value=\"G\u00f6nder\" \/>\n<\/p><div class=\"wpcf7-response-output\" aria-hidden=\"true\"><\/div>\n<input type=\"hidden\" name=\"trp-form-language\" value=\"ar\"\/><\/form>\n<\/div>\n<\/div>\t\t\t\t<\/div>\r\n\t\t\t\t<\/div>\r\n\t\t\t\t<div class=\"elementor-element elementor-element-8bd9bb5 elementor-widget elementor-widget-spacer\" data-id=\"8bd9bb5\" data-element_type=\"widget\" data-e-type=\"widget\" data-widget_type=\"spacer.default\">\r\n\t\t\t\t<div class=\"elementor-widget-container\">\r\n\t\t\t\t\t\t\t<div class=\"elementor-spacer\">\r\n\t\t\t<div class=\"elementor-spacer-inner\"><\/div>\r\n\t\t<\/div>\r\n\t\t\t\t\t\t<\/div>\r\n\t\t\t\t<\/div>\r\n\t\t\t\t\t<\/div>\r\n\t\t<\/div>\r\n\t\t\t\t\t<\/div>\r\n\t\t<\/section>\r\n\t\t\t\t<section class=\"elementor-section elementor-top-section elementor-element elementor-element-092bdc6 elementor-section-boxed elementor-section-height-default elementor-section-height-default\" data-id=\"092bdc6\" data-element_type=\"section\" data-e-type=\"section\">\r\n\t\t\t\t\t\t<div class=\"elementor-container elementor-column-gap-default\">\r\n\t\t\t\t\t<div class=\"elementor-column elementor-col-100 elementor-top-column elementor-element elementor-element-88dc597\" data-id=\"88dc597\" data-element_type=\"column\" data-e-type=\"column\">\r\n\t\t\t<div class=\"elementor-widget-wrap elementor-element-populated\">\r\n\t\t\t\t\t\t<div class=\"elementor-element elementor-element-abea02b elementor-widget elementor-widget-spacer\" data-id=\"abea02b\" data-element_type=\"widget\" data-e-type=\"widget\" data-widget_type=\"spacer.default\">\r\n\t\t\t\t<div class=\"elementor-widget-container\">\r\n\t\t\t\t\t\t\t<div class=\"elementor-spacer\">\r\n\t\t\t<div class=\"elementor-spacer-inner\"><\/div>\r\n\t\t<\/div>\r\n\t\t\t\t\t\t<\/div>\r\n\t\t\t\t<\/div>\r\n\t\t\t\t\t<\/div>\r\n\t\t<\/div>\r\n\t\t\t\t\t<\/div>\r\n\t\t<\/section>\r\n\t\t\t\t<section class=\"lte-background-gray elementor-section elementor-top-section elementor-element elementor-element-a5a1147 lte-background-gray lte-particles-0 elementor-section-boxed elementor-section-height-default elementor-section-height-default\" data-id=\"a5a1147\" data-element_type=\"section\" data-e-type=\"section\">\r\n\t\t\t\t\t\t<div class=\"elementor-container elementor-column-gap-default\">\r\n\t\t\t\t\t<div class=\"elementor-column elementor-col-25 elementor-top-column elementor-element elementor-element-ead5489\" data-id=\"ead5489\" data-element_type=\"column\" data-e-type=\"column\">\r\n\t\t\t<div class=\"elementor-widget-wrap elementor-element-populated\">\r\n\t\t\t\t\t\t<div class=\"elementor-element elementor-element-34d57d2 elementor-widget__width-inherit elementor-view-default elementor-widget elementor-widget-icon\" data-id=\"34d57d2\" data-element_type=\"widget\" data-e-type=\"widget\" data-widget_type=\"icon.default\">\r\n\t\t\t\t<div class=\"elementor-widget-container\">\r\n\t\t\t\t\t\t\t<div class=\"elementor-icon-wrapper\">\r\n\t\t\t<div class=\"elementor-icon\">\r\n\t\t\t<i aria-hidden=\"true\" class=\"icon icon-location-1\"><\/i>\t\t\t<\/div>\r\n\t\t<\/div>\r\n\t\t\t\t\t\t<\/div>\r\n\t\t\t\t<\/div>\r\n\t\t\t\t<div class=\"elementor-element elementor-element-c6ef7fd lte-heading-align-center elementor-widget elementor-widget-lte-header\" data-id=\"c6ef7fd\" data-element_type=\"widget\" data-e-type=\"widget\" data-widget_type=\"lte-header.default\">\r\n\t\t\t\t<div class=\"elementor-widget-container\">\r\n\t\t\t\t\t<div class=\"lte-heading lte-style-default lte-subcolor-Default heading-tag-h5 heading-subtag-h6\"><div class=\"lte-heading-content\"><h5 class=\"lte-header\">Adres<\/h5><\/div><\/div>\t\t\t\t<\/div>\r\n\t\t\t\t<\/div>\r\n\t\t\t\t<div class=\"elementor-element elementor-element-b8954ce elementor-widget elementor-widget-text-editor\" data-id=\"b8954ce\" data-element_type=\"widget\" data-e-type=\"widget\" data-widget_type=\"text-editor.default\">\r\n\t\t\t\t<div class=\"elementor-widget-container\">\r\n\t\t\t\t\t\t\t\t\t<p>Konfor Ortopedi, Fuzul Avrasya 1 sitesi, Kayaba\u015f\u0131, Lokman Hekim Sokak B1 blok no:45, 34000 Ba\u015fak\u015fehir\/\u0130stanbul -( \u00c7am Sakura Hastanesi Yak\u0131n\u0131 )<\/p>\t\t\t\t\t\t\t\t<\/div>\r\n\t\t\t\t<\/div>\r\n\t\t\t\t\t<\/div>\r\n\t\t<\/div>\r\n\t\t\t\t<div class=\"elementor-column elementor-col-25 elementor-top-column elementor-element elementor-element-76cef22\" data-id=\"76cef22\" data-element_type=\"column\" data-e-type=\"column\">\r\n\t\t\t<div class=\"elementor-widget-wrap elementor-element-populated\">\r\n\t\t\t\t\t\t<div class=\"elementor-element elementor-element-67ed08e elementor-view-default elementor-widget elementor-widget-icon\" data-id=\"67ed08e\" data-element_type=\"widget\" data-e-type=\"widget\" data-widget_type=\"icon.default\">\r\n\t\t\t\t<div class=\"elementor-widget-container\">\r\n\t\t\t\t\t\t\t<div class=\"elementor-icon-wrapper\">\r\n\t\t\t<div class=\"elementor-icon\">\r\n\t\t\t<i aria-hidden=\"true\" class=\"icon icon-phone-call-1\"><\/i>\t\t\t<\/div>\r\n\t\t<\/div>\r\n\t\t\t\t\t\t<\/div>\r\n\t\t\t\t<\/div>\r\n\t\t\t\t<div class=\"elementor-element elementor-element-fe55de8 lte-heading-align-center elementor-widget elementor-widget-lte-header\" data-id=\"fe55de8\" data-element_type=\"widget\" data-e-type=\"widget\" data-widget_type=\"lte-header.default\">\r\n\t\t\t\t<div class=\"elementor-widget-container\">\r\n\t\t\t\t\t<div class=\"lte-heading lte-style-default lte-subcolor-Default heading-tag-h5 heading-subtag-h6\"><div class=\"lte-heading-content\"><h5 class=\"lte-header\">Telefon<\/h5><\/div><\/div>\t\t\t\t<\/div>\r\n\t\t\t\t<\/div>\r\n\t\t\t\t<div class=\"elementor-element elementor-element-e4425d0 elementor-widget elementor-widget-text-editor\" data-id=\"e4425d0\" data-element_type=\"widget\" data-e-type=\"widget\" data-widget_type=\"text-editor.default\">\r\n\t\t\t\t<div class=\"elementor-widget-container\">\r\n\t\t\t\t\t\t\t\t\t<p>+90 506 716 33 24<\/p>\t\t\t\t\t\t\t\t<\/div>\r\n\t\t\t\t<\/div>\r\n\t\t\t\t\t<\/div>\r\n\t\t<\/div>\r\n\t\t\t\t<div class=\"elementor-column elementor-col-25 elementor-top-column elementor-element elementor-element-d0552dc\" data-id=\"d0552dc\" data-element_type=\"column\" data-e-type=\"column\">\r\n\t\t\t<div class=\"elementor-widget-wrap elementor-element-populated\">\r\n\t\t\t\t\t\t<div class=\"elementor-element elementor-element-1ee486e elementor-view-default elementor-widget elementor-widget-icon\" data-id=\"1ee486e\" data-element_type=\"widget\" data-e-type=\"widget\" data-widget_type=\"icon.default\">\r\n\t\t\t\t<div class=\"elementor-widget-container\">\r\n\t\t\t\t\t\t\t<div class=\"elementor-icon-wrapper\">\r\n\t\t\t<div class=\"elementor-icon\">\r\n\t\t\t<i aria-hidden=\"true\" class=\"icon icon-email\"><\/i>\t\t\t<\/div>\r\n\t\t<\/div>\r\n\t\t\t\t\t\t<\/div>\r\n\t\t\t\t<\/div>\r\n\t\t\t\t<div class=\"elementor-element elementor-element-5f495ec lte-heading-align-center elementor-widget elementor-widget-lte-header\" data-id=\"5f495ec\" data-element_type=\"widget\" data-e-type=\"widget\" data-widget_type=\"lte-header.default\">\r\n\t\t\t\t<div class=\"elementor-widget-container\">\r\n\t\t\t\t\t<div class=\"lte-heading lte-style-default lte-subcolor-Default heading-tag-h5 heading-subtag-h6\"><div class=\"lte-heading-content\"><h5 class=\"lte-header\">Email<\/h5><\/div><\/div>\t\t\t\t<\/div>\r\n\t\t\t\t<\/div>\r\n\t\t\t\t<div class=\"elementor-element elementor-element-9d97cdb elementor-widget elementor-widget-text-editor\" data-id=\"9d97cdb\" data-element_type=\"widget\" data-e-type=\"widget\" data-widget_type=\"text-editor.default\">\r\n\t\t\t\t<div class=\"elementor-widget-container\">\r\n\t\t\t\t\t\t\t\t\t<p>info@konforortopedi.com<br \/>konforortopedi@gmail.com<\/p>\t\t\t\t\t\t\t\t<\/div>\r\n\t\t\t\t<\/div>\r\n\t\t\t\t\t<\/div>\r\n\t\t<\/div>\r\n\t\t\t\t<div class=\"elementor-column elementor-col-25 elementor-top-column elementor-element elementor-element-409d0a5\" data-id=\"409d0a5\" data-element_type=\"column\" data-e-type=\"column\">\r\n\t\t\t<div class=\"elementor-widget-wrap elementor-element-populated\">\r\n\t\t\t\t\t\t<div class=\"elementor-element elementor-element-dba0d0d elementor-view-default elementor-widget elementor-widget-icon\" data-id=\"dba0d0d\" data-element_type=\"widget\" data-e-type=\"widget\" data-widget_type=\"icon.default\">\r\n\t\t\t\t<div class=\"elementor-widget-container\">\r\n\t\t\t\t\t\t\t<div class=\"elementor-icon-wrapper\">\r\n\t\t\t<div class=\"elementor-icon\">\r\n\t\t\t<i aria-hidden=\"true\" class=\"icon icon-clock\"><\/i>\t\t\t<\/div>\r\n\t\t<\/div>\r\n\t\t\t\t\t\t<\/div>\r\n\t\t\t\t<\/div>\r\n\t\t\t\t<div class=\"elementor-element elementor-element-5c8545e lte-heading-align-center elementor-widget elementor-widget-lte-header\" data-id=\"5c8545e\" data-element_type=\"widget\" data-e-type=\"widget\" data-widget_type=\"lte-header.default\">\r\n\t\t\t\t<div class=\"elementor-widget-container\">\r\n\t\t\t\t\t<div class=\"lte-heading lte-style-default lte-subcolor-Default heading-tag-h5 heading-subtag-h6\"><div class=\"lte-heading-content\"><h5 class=\"lte-header\">\u00c7al\u0131\u015fma Saatleri<\/h5><\/div><\/div>\t\t\t\t<\/div>\r\n\t\t\t\t<\/div>\r\n\t\t\t\t<div class=\"elementor-element elementor-element-c439664 elementor-widget elementor-widget-text-editor\" data-id=\"c439664\" data-element_type=\"widget\" data-e-type=\"widget\" data-widget_type=\"text-editor.default\">\r\n\t\t\t\t<div class=\"elementor-widget-container\">\r\n\t\t\t\t\t\t\t\t\t<p>Hafta \u0130\u00e7i 09:30\u201319:00<br \/>Cumartesi 09:30\u201316:30<br \/>Pazar Kapal\u0131<\/p>\t\t\t\t\t\t\t\t<\/div>\r\n\t\t\t\t<\/div>\r\n\t\t\t\t\t<\/div>\r\n\t\t<\/div>\r\n\t\t\t\t\t<\/div>\r\n\t\t<\/section>\r\n\t\t\t\t<section class=\"elementor-section elementor-top-section elementor-element elementor-element-383738c elementor-section-full_width elementor-section-height-default elementor-section-height-default\" data-id=\"383738c\" data-element_type=\"section\" data-e-type=\"section\">\r\n\t\t\t\t\t\t<div class=\"elementor-container elementor-column-gap-default\">\r\n\t\t\t\t\t<div class=\"elementor-column elementor-col-100 elementor-top-column elementor-element elementor-element-2853f54\" data-id=\"2853f54\" data-element_type=\"column\" data-e-type=\"column\">\r\n\t\t\t<div class=\"elementor-widget-wrap elementor-element-populated\">\r\n\t\t\t\t\t\t<div class=\"elementor-element elementor-element-90a87bf elementor-widget__width-inherit elementor-widget elementor-widget-google_maps\" data-id=\"90a87bf\" data-element_type=\"widget\" data-e-type=\"widget\" data-widget_type=\"google_maps.default\">\r\n\t\t\t\t<div class=\"elementor-widget-container\">\r\n\t\t\t\t\t\t\t<div class=\"elementor-custom-embed\">\r\n\t\t\t<iframe loading=\"lazy\"\r\n\t\t\t\t\tsrc=\"https:\/\/maps.google.com\/maps?q=Konfor%20Ortopedi%2C%20Fuzul%20Avrasya%201%20sitesi%2C%20Kayaba%C5%9F%C4%B1%2C%20Lokman%20Hekim%20Sokak%20B1%20blok%20no%3A45%2C%2034000%20Ba%C5%9Fak%C5%9Fehir%2F%C4%B0stanbul&#038;t=m&#038;z=15&#038;output=embed&#038;iwloc=near\"\r\n\t\t\t\t\ttitle=\"Konfor Ortopedi, Fuzul Avrasya 1 sitesi, Kayaba\u015f\u0131, Lokman Hekim Sokak B1 blok no:45, 34000 Ba\u015fak\u015fehir\/\u0130stanbul\"\r\n\t\t\t\t\taria-label=\"Konfor Ortopedi, Fuzul Avrasya 1 sitesi, Kayaba\u015f\u0131, Lokman Hekim Sokak B1 blok no:45, 34000 Ba\u015fak\u015fehir\/\u0130stanbul\"\r\n\t\t\t><\/iframe>\r\n\t\t<\/div>\r\n\t\t\t\t\t\t<\/div>\r\n\t\t\t\t<\/div>\r\n\t\t\t\t\t<\/div>\r\n\t\t<\/div>\r\n\t\t\t\t\t<\/div>\r\n\t\t<\/section>\r\n\t\t\t\t<\/div>","protected":false},"excerpt":{"rendered":"<p>Mesaj G\u00f6nder Bu formu doldurman\u0131z halinde ekibimiz size geri d\u00f6n\u00fc\u015f sa\u011flayacakt\u0131r. Adres Konfor Ortopedi, Fuzul Avrasya 1 sitesi, Kayaba\u015f\u0131, Lokman Hekim Sokak B1 blok no:45, 34000 Ba\u015fak\u015fehir\/\u0130stanbul -( \u00c7am Sakura [&hellip;]<\/p>","protected":false},"author":1,"featured_media":0,"parent":0,"menu_order":0,"comment_status":"closed","ping_status":"closed","template":"page-templates\/full-width.php","meta":{"footnotes":""},"class_list":["post-13611","page","type-page","status-publish","hentry"],"_links":{"self":[{"href":"https:\/\/www.konforortopedi.com\/ar\/wp-json\/wp\/v2\/pages\/13611","targetHints":{"allow":["GET"]}}],"collection":[{"href":"https:\/\/www.konforortopedi.com\/ar\/wp-json\/wp\/v2\/pages"}],"about":[{"href":"https:\/\/www.konforortopedi.com\/ar\/wp-json\/wp\/v2\/types\/page"}],"author":[{"embeddable":true,"href":"https:\/\/www.konforortopedi.com\/ar\/wp-json\/wp\/v2\/users\/1"}],"replies":[{"embeddable":true,"href":"https:\/\/www.konforortopedi.com\/ar\/wp-json\/wp\/v2\/comments?post=13611"}],"version-history":[{"count":85,"href":"https:\/\/www.konforortopedi.com\/ar\/wp-json\/wp\/v2\/pages\/13611\/revisions"}],"predecessor-version":[{"id":36240,"href":"https:\/\/www.konforortopedi.com\/ar\/wp-json\/wp\/v2\/pages\/13611\/revisions\/36240"}],"wp:attachment":[{"href":"https:\/\/www.konforortopedi.com\/ar\/wp-json\/wp\/v2\/media?parent=13611"}],"curies":[{"name":"wp","href":"https:\/\/api.w.org\/{rel}","templated":true}]}}